{"id":1245,"date":"2017-06-21T19:10:15","date_gmt":"2017-06-21T17:10:15","guid":{"rendered":"https:\/\/amsdevelopment.nl\/pureintl.com\/de\/guides\/"},"modified":"2017-08-18T13:38:13","modified_gmt":"2017-08-18T11:38:13","slug":"guides","status":"publish","type":"page","link":"https:\/\/pureintl.com\/de\/guides\/","title":{"rendered":"Kauf Leitfaden"},"content":{"rendered":"<p>Der Erwerb einer Immobilie im Ausland ist eine sehr aufregende Erfahrung, bei der viele Fragen aufkommen, vor allem wenn Sie sich als Erstk\u00e4ufer noch nicht so gut mit den Gesetzm\u00e4\u00dfigkeiten und den Feinheiten des lokalen Marktes auskennen.<\/p>\n<p>Es ist notwendig gut informiert zu sein. Deswegen hat Pure International eine Reihe von Kauf Leitf\u00e4den erstellt, die Ihnen einfach und pr\u00e4zise aufzeigen, worauf Sie beim Kauf einer Immobilie in einem Land achten sollen, in dem Sie sich noch nicht auskennen.<\/p>\n<h3>Unsere Kauf Leitfaden<\/h3>\n<p>Unser Kauf Leitfaden gibt Ihnen f\u00fcr jedes Zielland einen Einblick in die rechtlichen und steuerlichen Aspekte sowie alle anderen wichtigen Dinge, die Sie wissen m\u00fcssen, bevor Sie in eine Auslandsimmobilie investieren.<\/p>\n","protected":false},"excerpt":{"rendered":"<p>Der Erwerb einer Immobilie im Ausland ist eine sehr aufregende Erfahrung, bei der viele Fragen aufkommen, vor allem wenn Sie sich als Erstk\u00e4ufer noch nicht so gut mit den Gesetzm\u00e4\u00dfigkeiten und den Feinheiten des lokalen Marktes auskennen. Es ist notwendig gut informiert zu sein. Deswegen hat Pure International eine Reihe von Kauf Leitf\u00e4den erstellt, die [&hellip;]<\/p>\n","protected":false},"author":1,"featured_media":0,"parent":0,"menu_order":31,"comment_status":"closed","ping_status":"closed","template":"guides.php","meta":{"_acf_changed":false,"footnotes":""},"class_list":["post-1245","page","type-page","status-publish","hentry"],"acf":[],"_links":{"self":[{"href":"https:\/\/pureintl.com\/de\/wp-json\/wp\/v2\/pages\/1245","targetHints":{"allow":["GET"]}}],"collection":[{"href":"https:\/\/pureintl.com\/de\/wp-json\/wp\/v2\/pages"}],"about":[{"href":"https:\/\/pureintl.com\/de\/wp-json\/wp\/v2\/types\/page"}],"author":[{"embeddable":true,"href":"https:\/\/pureintl.com\/de\/wp-json\/wp\/v2\/users\/1"}],"replies":[{"embeddable":true,"href":"https:\/\/pureintl.com\/de\/wp-json\/wp\/v2\/comments?post=1245"}],"version-history":[{"count":0,"href":"https:\/\/pureintl.com\/de\/wp-json\/wp\/v2\/pages\/1245\/revisions"}],"wp:attachment":[{"href":"https:\/\/pureintl.com\/de\/wp-json\/wp\/v2\/media?parent=1245"}],"curies":[{"name":"wp","href":"https:\/\/api.w.org\/{rel}","templated":true}]}}